{"id":4483,"date":"2026-03-24T16:02:55","date_gmt":"2026-03-24T20:02:55","guid":{"rendered":"https:\/\/www.dianekolin.com\/?page_id=4483"},"modified":"2026-03-24T17:53:43","modified_gmt":"2026-03-24T21:53:43","slug":"orateur","status":"publish","type":"page","link":"https:\/\/www.dianekolin.com\/fr\/speaker\/","title":{"rendered":"Conf\u00e9renci\u00e8re"},"content":{"rendered":"<p>Diane Kolin intervient fr\u00e9quemment dans des conf\u00e9rences, des symposiums et des universit\u00e9s en Am\u00e9rique du Nord et en Europe. Elle donne des conf\u00e9rences et des ateliers en anglais et en fran\u00e7ais.<\/p>\n\n\n\n<div style=\"height:20px\" aria-hidden=\"true\" class=\"wp-block-spacer\"><\/div>\n\n\n\n<figure class=\"wp-block-image size-large\"><img loading=\"lazy\" decoding=\"async\" width=\"683\" height=\"1024\" src=\"https:\/\/www.dianekolin.com\/wp-content\/uploads\/2026\/03\/MT1802023-05-10-193-Photo-Hombeline-Dumas-1-683x1024.jpg\" alt=\"Diane est assise dans son fauteuil roulant, elle porte un costume noir. Elle a des cheveux bruns courts, des lunettes et un micro-casque. Elle s&#039;adresse au public en bougeant les bras et en souriant.\" class=\"wp-image-4485\" srcset=\"https:\/\/www.dianekolin.com\/wp-content\/uploads\/2026\/03\/MT1802023-05-10-193-Photo-Hombeline-Dumas-1-683x1024.jpg 683w, https:\/\/www.dianekolin.com\/wp-content\/uploads\/2026\/03\/MT1802023-05-10-193-Photo-Hombeline-Dumas-1-200x300.jpg 200w, https:\/\/www.dianekolin.com\/wp-content\/uploads\/2026\/03\/MT1802023-05-10-193-Photo-Hombeline-Dumas-1-768x1152.jpg 768w, https:\/\/www.dianekolin.com\/wp-content\/uploads\/2026\/03\/MT1802023-05-10-193-Photo-Hombeline-Dumas-1-1024x1536.jpg 1024w, https:\/\/www.dianekolin.com\/wp-content\/uploads\/2026\/03\/MT1802023-05-10-193-Photo-Hombeline-Dumas-1-1366x2048.jpg 1366w, https:\/\/www.dianekolin.com\/wp-content\/uploads\/2026\/03\/MT1802023-05-10-193-Photo-Hombeline-Dumas-1-8x12.jpg 8w, https:\/\/www.dianekolin.com\/wp-content\/uploads\/2026\/03\/MT1802023-05-10-193-Photo-Hombeline-Dumas-1-300x450.jpg 300w, https:\/\/www.dianekolin.com\/wp-content\/uploads\/2026\/03\/MT1802023-05-10-193-Photo-Hombeline-Dumas-1-850x1275.jpg 850w, https:\/\/www.dianekolin.com\/wp-content\/uploads\/2026\/03\/MT1802023-05-10-193-Photo-Hombeline-Dumas-1-1320x1980.jpg 1320w, https:\/\/www.dianekolin.com\/wp-content\/uploads\/2026\/03\/MT1802023-05-10-193-Photo-Hombeline-Dumas-1.jpg 1627w\" sizes=\"auto, (max-width: 683px) 100vw, 683px\" \/><\/figure>\n\n\n\n<div style=\"height:20px\" aria-hidden=\"true\" class=\"wp-block-spacer\"><\/div>\n\n\n\n<p>Diane Kolin est chanteuse, enseignante et militante pour les droits des personnes handicap\u00e9es. En fauteuil roulant, elle travaille avec des lieux culturels et des \u00e9coles pour les aider \u00e0 am\u00e9liorer leur accessibilit\u00e9. Elle est la fondatrice d'ArtsAbly, une organisation \u00e0 but non lucratif qui se consacre \u00e0 la promotion du travail des artistes handicap\u00e9s et \u00e0 l'organisation d'ateliers sur le handicap et l'accessibilit\u00e9 dans les arts. En tant que conf\u00e9renci\u00e8re et \u00e9ducatrice, Diane partage son exp\u00e9rience v\u00e9cue et insiste sur le fait qu'une communication efficace est essentielle \u00e0 la cr\u00e9ation d'une soci\u00e9t\u00e9, d'un lieu de travail et d'un environnement \u00e9ducatif plus accessibles.<\/p>\n\n\n\n<div style=\"height:30px\" aria-hidden=\"true\" class=\"wp-block-spacer\"><\/div>\n\n\n\n<div class=\"wp-block-buttons is-content-justification-center is-layout-flex wp-container-core-buttons-is-layout-a89b3969 wp-block-buttons-is-layout-flex\">\n<div class=\"wp-block-button\"><a class=\"wp-block-button__link wp-element-button\" href=\"https:\/\/www.dianekolin.com\/fr\/contact\/\">Entamer la conversation<\/a><\/div>\n<\/div>","protected":false},"excerpt":{"rendered":"<p>Dr. Diane Kolin frequently speaks at conferences, symposiums, and universities in North America and in Europe. She delivers talks and workshops in English and French. Dr. Diane Kolin is a [&hellip;]<\/p>\n","protected":false},"author":1,"featured_media":0,"parent":0,"menu_order":0,"comment_status":"closed","ping_status":"closed","template":"","meta":{"content-type":"","_EventAllDay":false,"_EventTimezone":"","_EventStartDate":"","_EventEndDate":"","_EventStartDateUTC":"","_EventEndDateUTC":"","_EventShowMap":false,"_EventShowMapLink":false,"_EventURL":"","_EventCost":"","_EventCostDescription":"","_EventCurrencySymbol":"","_EventCurrencyCode":"","_EventCurrencyPosition":"","_EventDateTimeSeparator":"","_EventTimeRangeSeparator":"","_EventOrganizerID":[],"_EventVenueID":[],"_OrganizerEmail":"","_OrganizerPhone":"","_OrganizerWebsite":"","_VenueAddress":"","_VenueCity":"","_VenueCountry":"","_VenueProvince":"","_VenueState":"","_VenueZip":"","_VenuePhone":"","_VenueURL":"","_VenueStateProvince":"","_VenueLat":"","_VenueLng":"","_VenueShowMap":false,"_VenueShowMapLink":false,"footnotes":""},"class_list":["post-4483","page","type-page","status-publish","hentry"],"_links":{"self":[{"href":"https:\/\/www.dianekolin.com\/fr\/wp-json\/wp\/v2\/pages\/4483","targetHints":{"allow":["GET"]}}],"collection":[{"href":"https:\/\/www.dianekolin.com\/fr\/wp-json\/wp\/v2\/pages"}],"about":[{"href":"https:\/\/www.dianekolin.com\/fr\/wp-json\/wp\/v2\/types\/page"}],"author":[{"embeddable":true,"href":"https:\/\/www.dianekolin.com\/fr\/wp-json\/wp\/v2\/users\/1"}],"replies":[{"embeddable":true,"href":"https:\/\/www.dianekolin.com\/fr\/wp-json\/wp\/v2\/comments?post=4483"}],"version-history":[{"count":3,"href":"https:\/\/www.dianekolin.com\/fr\/wp-json\/wp\/v2\/pages\/4483\/revisions"}],"predecessor-version":[{"id":4589,"href":"https:\/\/www.dianekolin.com\/fr\/wp-json\/wp\/v2\/pages\/4483\/revisions\/4589"}],"wp:attachment":[{"href":"https:\/\/www.dianekolin.com\/fr\/wp-json\/wp\/v2\/media?parent=4483"}],"curies":[{"name":"wp","href":"https:\/\/api.w.org\/{rel}","templated":true}]}}