{"id":4478,"date":"2026-03-24T15:54:19","date_gmt":"2026-03-24T19:54:19","guid":{"rendered":"https:\/\/www.dianekolin.com\/?page_id=4478"},"modified":"2026-03-24T17:29:19","modified_gmt":"2026-03-24T21:29:19","slug":"a-propos-de-diane","status":"publish","type":"page","link":"https:\/\/www.dianekolin.com\/fr\/about-diane\/","title":{"rendered":"\u00c0 propos de Diane"},"content":{"rendered":"<figure class=\"wp-block-image size-large\"><img loading=\"lazy\" decoding=\"async\" width=\"840\" height=\"1024\" src=\"https:\/\/www.dianekolin.com\/wp-content\/uploads\/2026\/03\/DianeKolin_Toronto-1-840x1024.jpg\" alt=\"Diane, une femme aux cheveux bruns courts et aux lunettes \u00e0 monture bleue, porte un t-short blanc et une veste noire avec une \u00e9pingle repr\u00e9sentant un drapeau canadien. Elle sourit \u00e0 la cam\u00e9ra.\" class=\"wp-image-4479\" srcset=\"https:\/\/www.dianekolin.com\/wp-content\/uploads\/2026\/03\/DianeKolin_Toronto-1-840x1024.jpg 840w, https:\/\/www.dianekolin.com\/wp-content\/uploads\/2026\/03\/DianeKolin_Toronto-1-246x300.jpg 246w, https:\/\/www.dianekolin.com\/wp-content\/uploads\/2026\/03\/DianeKolin_Toronto-1-768x937.jpg 768w, https:\/\/www.dianekolin.com\/wp-content\/uploads\/2026\/03\/DianeKolin_Toronto-1-10x12.jpg 10w, https:\/\/www.dianekolin.com\/wp-content\/uploads\/2026\/03\/DianeKolin_Toronto-1-300x366.jpg 300w, https:\/\/www.dianekolin.com\/wp-content\/uploads\/2026\/03\/DianeKolin_Toronto-1-850x1037.jpg 850w, https:\/\/www.dianekolin.com\/wp-content\/uploads\/2026\/03\/DianeKolin_Toronto-1.jpg 1174w\" sizes=\"auto, (max-width: 840px) 100vw, 840px\" \/><\/figure>\n\n\n\n<div style=\"height:15px\" aria-hidden=\"true\" class=\"wp-block-spacer\"><\/div>\n\n\n\n<p>Diane Kolin est une chanteuse canadienne d'origine fran\u00e7aise, une \u00e9ducatrice musicale et une professeure de chant bas\u00e9e \u00e0 Toronto (Ontario) au Canada. Sa voix grave l'am\u00e8ne \u00e0 explorer diff\u00e9rents genres, du jazz \u00e0 la musique baroque en passant par le r\u00e9pertoire de la chanson fran\u00e7aise. Elle enseigne le chant aux enfants et aux adultes. Elle a d\u00e9velopp\u00e9 des outils p\u00e9dagogiques et des ateliers pour les chanteurs handicap\u00e9s afin qu'ils apprennent \u00e0 chanter avec un corps changeant ou \u00e0 partir d'une position non debout. Elle collabore avec de nombreux groupes d'artistes, des chorales aux orchestres. Elle est membre professionnel de <a href=\"https:\/\/rampd.org\/profile\/diane-kolin\" target=\"_blank\" rel=\"noreferrer noopener\">RAMPD<\/a> (Recording Artists and Music Professional with Disabilities), et de la Recording Academy. Elle se produit fr\u00e9quemment en Am\u00e9rique du Nord et en Europe.<\/p>\n\n\n\n<div style=\"height:15px\" aria-hidden=\"true\" class=\"wp-block-spacer\"><\/div>\n\n\n\n<figure class=\"wp-block-image size-large\"><img loading=\"lazy\" decoding=\"async\" width=\"1024\" height=\"683\" src=\"https:\/\/www.dianekolin.com\/wp-content\/uploads\/2026\/03\/Jewish-Canadian-Musicians2-1024x683.jpg\" alt=\"Diane dans son fauteuil roulant, v\u00eatue de son costume de pr\u00e9sentation noir, est \u00e9quip\u00e9e d&#039;un micro-casque et sourit \u00e0 l&#039;auditoire pendant qu&#039;elle donne une conf\u00e9rence.\" class=\"wp-image-4475\" srcset=\"https:\/\/www.dianekolin.com\/wp-content\/uploads\/2026\/03\/Jewish-Canadian-Musicians2-1024x683.jpg 1024w, https:\/\/www.dianekolin.com\/wp-content\/uploads\/2026\/03\/Jewish-Canadian-Musicians2-300x200.jpg 300w, https:\/\/www.dianekolin.com\/wp-content\/uploads\/2026\/03\/Jewish-Canadian-Musicians2-768x512.jpg 768w, https:\/\/www.dianekolin.com\/wp-content\/uploads\/2026\/03\/Jewish-Canadian-Musicians2-1536x1024.jpg 1536w, https:\/\/www.dianekolin.com\/wp-content\/uploads\/2026\/03\/Jewish-Canadian-Musicians2-2048x1365.jpg 2048w, https:\/\/www.dianekolin.com\/wp-content\/uploads\/2026\/03\/Jewish-Canadian-Musicians2-18x12.jpg 18w, https:\/\/www.dianekolin.com\/wp-content\/uploads\/2026\/03\/Jewish-Canadian-Musicians2-850x567.jpg 850w, https:\/\/www.dianekolin.com\/wp-content\/uploads\/2026\/03\/Jewish-Canadian-Musicians2-1320x880.jpg 1320w\" sizes=\"auto, (max-width: 1024px) 100vw, 1024px\" \/><\/figure>\n\n\n\n<p>Diane est la fondatrice de <a href=\"https:\/\/www.artsably.com\/fr\/\" target=\"_blank\" rel=\"noreferrer noopener\">ArtsAbly<\/a>, une association qui propose diverses activit\u00e9s li\u00e9es \u00e0 l'accessibilit\u00e9 et au handicap dans les arts, notamment des ateliers, des conf\u00e9rences et des ressources gratuites. La plupart des lieux culturels offrent un certain niveau d'accessibilit\u00e9 au public, mais rarement aux artistes. Il en r\u00e9sulte un manque de repr\u00e9sentation publique des artistes handicap\u00e9s dans les plateformes traditionnelles et sur sc\u00e8ne. Afin de voir des artistes handicap\u00e9s dans le monde professionnel, les lieux et les compagnies culturelles devraient \u00eatre form\u00e9s et sensibilis\u00e9s \u00e0 la probl\u00e9matique de l'accessibilit\u00e9 au-del\u00e0 des acc\u00e8s pour leur public. Le podcast \u201c<a href=\"https:\/\/www.artsably.com\/fr\/liste-podcast\/\" target=\"_blank\" rel=\"noreferrer noopener\">ArtsAbly en conversation\"<\/a>,que l'on peut trouver sur toutes les plateformes de streaming, met en lumi\u00e8re le travail d'artistes, de chefs de projet et de chercheurs handicap\u00e9s. Diane est une professionnelle certifi\u00e9e de la Rick Hansen Foundation Accessibility Certification (RHFAC), ce qui lui permet d'\u00e9valuer l'accessibilit\u00e9 des b\u00e2timents et des sites dans tout le Canada, en particulier dans les lieux culturels et les salles de concert.<\/p>\n\n\n\n<div style=\"height:15px\" aria-hidden=\"true\" class=\"wp-block-spacer\"><\/div>\n\n\n\n<figure class=\"wp-block-image size-full\"><img loading=\"lazy\" decoding=\"async\" width=\"736\" height=\"651\" src=\"https:\/\/www.dianekolin.com\/wp-content\/uploads\/2026\/03\/YorkU-Music-Symp1.jpg\" alt=\"Diane en fauteuil roulant s&#039;adressant \u00e0 des \u00e9tudiants et donnant une conf\u00e9rence dans une universit\u00e9. Elle tient sa tablette dans une main et un cliqueur dans l&#039;autre. Une pr\u00e9sentation est projet\u00e9e sur un mur derri\u00e8re elle.\" class=\"wp-image-4472\" srcset=\"https:\/\/www.dianekolin.com\/wp-content\/uploads\/2026\/03\/YorkU-Music-Symp1.jpg 736w, https:\/\/www.dianekolin.com\/wp-content\/uploads\/2026\/03\/YorkU-Music-Symp1-300x265.jpg 300w, https:\/\/www.dianekolin.com\/wp-content\/uploads\/2026\/03\/YorkU-Music-Symp1-14x12.jpg 14w\" sizes=\"auto, (max-width: 736px) 100vw, 736px\" \/><\/figure>\n\n\n\n<div style=\"height:15px\" aria-hidden=\"true\" class=\"wp-block-spacer\"><\/div>\n\n\n\n<p>Diane est \u00e9galement musicologue. Elle a obtenu sa ma\u00eetrise et son doctorat en musicologie \u00e0 l'universit\u00e9 York de Toronto, au Canada. Ses recherches portent sur les musiciens professionnels, les compositeurs et les sp\u00e9cialistes de la musique handicap\u00e9s, dans les domaines de l'histoire de la musique, des \u00e9tudes sur le handicap et de l'\u00e9ducation musicale. Elle s'int\u00e9resse notamment aux \u00e9tudes critiques sur le handicap, \u00e0 Ludwig van Beethoven et \u00e0 Franz Liszt. Entre ses fonctions de r\u00e9dactrice en chef du Journal de l'Association Beethoven France et Francophonie, Diane publie fr\u00e9quemment des articles sur ses recherches sur le handicap et la musique dans des revues \u00e0 comit\u00e9 de lecture et participe \u00e0 des conf\u00e9rences en Europe et en Am\u00e9rique du Nord. Ses collaborations avec des musiciens handicap\u00e9s dans le monde musical professionnel lui permettent d'exposer de nouvelles id\u00e9es pour rendre la musique plus accessible \u00e0 un public plus large.<\/p>","protected":false},"excerpt":{"rendered":"<p>Based in Toronto, Ontario in Canada, Dr. Diane Kolin is a French-born Canadian singer, a music educator, and a voice teacher. Her low voice brings her to explore various genres, [&hellip;]<\/p>\n","protected":false},"author":1,"featured_media":0,"parent":0,"menu_order":0,"comment_status":"closed","ping_status":"closed","template":"","meta":{"content-type":"","_EventAllDay":false,"_EventTimezone":"","_EventStartDate":"","_EventEndDate":"","_EventStartDateUTC":"","_EventEndDateUTC":"","_EventShowMap":false,"_EventShowMapLink":false,"_EventURL":"","_EventCost":"","_EventCostDescription":"","_EventCurrencySymbol":"","_EventCurrencyCode":"","_EventCurrencyPosition":"","_EventDateTimeSeparator":"","_EventTimeRangeSeparator":"","_EventOrganizerID":[],"_EventVenueID":[],"_OrganizerEmail":"","_OrganizerPhone":"","_OrganizerWebsite":"","_VenueAddress":"","_VenueCity":"","_VenueCountry":"","_VenueProvince":"","_VenueState":"","_VenueZip":"","_VenuePhone":"","_VenueURL":"","_VenueStateProvince":"","_VenueLat":"","_VenueLng":"","_VenueShowMap":false,"_VenueShowMapLink":false,"footnotes":""},"class_list":["post-4478","page","type-page","status-publish","hentry"],"_links":{"self":[{"href":"https:\/\/www.dianekolin.com\/fr\/wp-json\/wp\/v2\/pages\/4478","targetHints":{"allow":["GET"]}}],"collection":[{"href":"https:\/\/www.dianekolin.com\/fr\/wp-json\/wp\/v2\/pages"}],"about":[{"href":"https:\/\/www.dianekolin.com\/fr\/wp-json\/wp\/v2\/types\/page"}],"author":[{"embeddable":true,"href":"https:\/\/www.dianekolin.com\/fr\/wp-json\/wp\/v2\/users\/1"}],"replies":[{"embeddable":true,"href":"https:\/\/www.dianekolin.com\/fr\/wp-json\/wp\/v2\/comments?post=4478"}],"version-history":[{"count":3,"href":"https:\/\/www.dianekolin.com\/fr\/wp-json\/wp\/v2\/pages\/4478\/revisions"}],"predecessor-version":[{"id":4576,"href":"https:\/\/www.dianekolin.com\/fr\/wp-json\/wp\/v2\/pages\/4478\/revisions\/4576"}],"wp:attachment":[{"href":"https:\/\/www.dianekolin.com\/fr\/wp-json\/wp\/v2\/media?parent=4478"}],"curies":[{"name":"wp","href":"https:\/\/api.w.org\/{rel}","templated":true}]}}