{"id":4169,"date":"2024-11-15T12:30:52","date_gmt":"2024-11-15T17:30:52","guid":{"rendered":"https:\/\/www.dianekolin.com\/?page_id=4169"},"modified":"2024-11-15T12:31:53","modified_gmt":"2024-11-15T17:31:53","slug":"gestion-des-artistes","status":"publish","type":"page","link":"https:\/\/www.dianekolin.com\/fr\/artists-management\/","title":{"rendered":"Agence artistique"},"content":{"rendered":"<p>Diane Kolin propose ses services en gestion d'artistes dans l'industrie de la musique. Elle est bas\u00e9e \u00e0 Toronto pour ses activit\u00e9s nord-am\u00e9ricaines et \u00e0 Paris pour ses activit\u00e9s europ\u00e9ennes. L'agence musicale ind\u00e9pendante op\u00e8re dans le monde entier. Forte de son exp\u00e9rience en gestion de projets internationaux et de sa connaissance de la sc\u00e8ne musicale et du monde acad\u00e9mique, elle se sp\u00e9cialise dans l'organisation de tourn\u00e9es pour des artistes internationaux, avec un engagement et une attention permanents pour les artistes avec lesquels elle travaille.<\/p>\n\n\n\n<div class=\"wp-block-buttons is-content-justification-center is-layout-flex wp-container-core-buttons-is-layout-a89b3969 wp-block-buttons-is-layout-flex\">\n<div class=\"wp-block-button\"><a class=\"wp-block-button__link has-white-color has-vivid-cyan-blue-background-color has-text-color has-background has-link-color wp-element-button\" href=\"https:\/\/www.dianekolin.com\/fr\/contact\/\">Plus d'informations et contact<\/a><\/div>\n<\/div>\n\n\n\n<p><\/p>","protected":false},"excerpt":{"rendered":"<p>Diane Kolin proposes her services in artists management in the music industry. She is based in Toronto for her North-American activities, and in Paris for her European activities. The independent [&hellip;]<\/p>\n","protected":false},"author":1,"featured_media":0,"parent":0,"menu_order":0,"comment_status":"closed","ping_status":"closed","template":"","meta":{"_EventAllDay":false,"_EventTimezone":"","_EventStartDate":"","_EventEndDate":"","_EventStartDateUTC":"","_EventEndDateUTC":"","_EventShowMap":false,"_EventShowMapLink":false,"_EventURL":"","_EventCost":"","_EventCostDescription":"","_EventCurrencySymbol":"","_EventCurrencyCode":"","_EventCurrencyPosition":"","_EventDateTimeSeparator":"","_EventTimeRangeSeparator":"","_EventOrganizerID":[],"_EventVenueID":[],"_OrganizerEmail":"","_OrganizerPhone":"","_OrganizerWebsite":"","_VenueAddress":"","_VenueCity":"","_VenueCountry":"","_VenueProvince":"","_VenueState":"","_VenueZip":"","_VenuePhone":"","_VenueURL":"","_VenueStateProvince":"","_VenueLat":"","_VenueLng":"","_VenueShowMap":false,"_VenueShowMapLink":false,"footnotes":""},"class_list":["post-4169","page","type-page","status-publish","hentry"],"_links":{"self":[{"href":"https:\/\/www.dianekolin.com\/fr\/wp-json\/wp\/v2\/pages\/4169","targetHints":{"allow":["GET"]}}],"collection":[{"href":"https:\/\/www.dianekolin.com\/fr\/wp-json\/wp\/v2\/pages"}],"about":[{"href":"https:\/\/www.dianekolin.com\/fr\/wp-json\/wp\/v2\/types\/page"}],"author":[{"embeddable":true,"href":"https:\/\/www.dianekolin.com\/fr\/wp-json\/wp\/v2\/users\/1"}],"replies":[{"embeddable":true,"href":"https:\/\/www.dianekolin.com\/fr\/wp-json\/wp\/v2\/comments?post=4169"}],"version-history":[{"count":3,"href":"https:\/\/www.dianekolin.com\/fr\/wp-json\/wp\/v2\/pages\/4169\/revisions"}],"predecessor-version":[{"id":4172,"href":"https:\/\/www.dianekolin.com\/fr\/wp-json\/wp\/v2\/pages\/4169\/revisions\/4172"}],"wp:attachment":[{"href":"https:\/\/www.dianekolin.com\/fr\/wp-json\/wp\/v2\/media?parent=4169"}],"curies":[{"name":"wp","href":"https:\/\/api.w.org\/{rel}","templated":true}]}}