{"id":3918,"date":"2024-06-28T12:55:22","date_gmt":"2024-06-28T16:55:22","guid":{"rendered":"https:\/\/www.dianekolin.com\/?page_id=3918"},"modified":"2026-03-24T15:40:25","modified_gmt":"2026-03-24T19:40:25","slug":"bio","status":"publish","type":"page","link":"https:\/\/www.dianekolin.com\/fr\/bio\/","title":{"rendered":"Bio"},"content":{"rendered":"<div class=\"wp-block-columns is-layout-flex wp-container-core-columns-is-layout-28f84493 wp-block-columns-is-layout-flex\">\n<div class=\"wp-block-column is-layout-flow wp-block-column-is-layout-flow\" style=\"flex-basis:33.33%\">\n<figure class=\"wp-block-image aligncenter size-medium\"><img loading=\"lazy\" decoding=\"async\" width=\"300\" height=\"300\" src=\"https:\/\/www.dianekolin.com\/wp-content\/uploads\/2023\/11\/IMG_0154_square-300x300.jpg\" alt=\"Une femme blanche aux cheveux bruns courts portant des lunettes, des boucles d&#039;oreilles, un gilet bleu et rouge et tenant un folio.\" class=\"wp-image-3538\" srcset=\"https:\/\/www.dianekolin.com\/wp-content\/uploads\/2023\/11\/IMG_0154_square-300x300.jpg 300w, https:\/\/www.dianekolin.com\/wp-content\/uploads\/2023\/11\/IMG_0154_square-1024x1024.jpg 1024w, https:\/\/www.dianekolin.com\/wp-content\/uploads\/2023\/11\/IMG_0154_square-150x150.jpg 150w, https:\/\/www.dianekolin.com\/wp-content\/uploads\/2023\/11\/IMG_0154_square-768x768.jpg 768w, https:\/\/www.dianekolin.com\/wp-content\/uploads\/2023\/11\/IMG_0154_square-1536x1536.jpg 1536w, https:\/\/www.dianekolin.com\/wp-content\/uploads\/2023\/11\/IMG_0154_square-850x850.jpg 850w, https:\/\/www.dianekolin.com\/wp-content\/uploads\/2023\/11\/IMG_0154_square-1320x1320.jpg 1320w, https:\/\/www.dianekolin.com\/wp-content\/uploads\/2023\/11\/IMG_0154_square.jpg 1552w\" sizes=\"auto, (max-width: 300px) 100vw, 300px\" \/><\/figure>\n<\/div>\n\n\n\n<div class=\"wp-block-column is-layout-flow wp-block-column-is-layout-flow\" style=\"flex-basis:66.66%\">\n<p>Bas\u00e9e \u00e0 Toronto, Ontario au Canada, Diane Kolin est une chanteuse canadienne d'origine fran\u00e7aise, \u00e9ducatrice musicale et professeur de chant. Sa voix grave l'am\u00e8ne \u00e0 explorer diff\u00e9rents genres, du jazz \u00e0 la musique baroque en passant par le r\u00e9pertoire de la chanson fran\u00e7aise. Elle enseigne le chant aux enfants et aux adultes. Elle a d\u00e9velopp\u00e9 des outils p\u00e9dagogiques et des ateliers pour les chanteurs handicap\u00e9s afin qu'ils apprennent \u00e0 chanter avec un corps changeant ou \u00e0 partir d'une position non debout. Elle collabore avec de nombreux groupes d'artistes, des chorales aux orchestres. Elle est membre professionnel de <a href=\"https:\/\/rampd.org\/profile\/diane-kolin\" data-type=\"link\" data-id=\"https:\/\/rampd.org\/profile\/diane-kolin\" target=\"_blank\" rel=\"noreferrer noopener\">RAMPD<\/a> (Recording Artists and Music Professional with Disabilities), et de la Recording Academy. Elle se produit fr\u00e9quemment en Am\u00e9rique du Nord et en Europe.<\/p>\n<\/div>\n<\/div>\n\n\n\n<p>Diane est la fondatrice de <a href=\"https:\/\/www.artsably.com\/fr\/\" target=\"_blank\" rel=\"noreferrer noopener\">ArtsAbly<\/a>une soci\u00e9t\u00e9 qui propose diverses activit\u00e9s li\u00e9es \u00e0 l'accessibilit\u00e9 et au handicap dans les arts, notamment des ateliers, des conf\u00e9rences et des ressources gratuites. La plupart des lieux culturels offrent un certain niveau d'accessibilit\u00e9 au public, mais rarement aux artistes. Il en r\u00e9sulte un manque de repr\u00e9sentation publique des artistes handicap\u00e9s dans les plateformes traditionnelles et sur sc\u00e8ne. Afin de voir des artistes handicap\u00e9s dans le monde professionnel, les lieux et les compagnies culturelles devraient \u00eatre form\u00e9s et sensibilis\u00e9s \u00e0 la probl\u00e9matique de l'accessibilit\u00e9 au-del\u00e0 des acc\u00e8s pour leur public. Le podcast hebdomadaire \"ArtsAbly in Conversation\", que l'on peut trouver sur toutes les plateformes de streaming, met en lumi\u00e8re le travail d'artistes, de chefs de projet et d'universitaires handicap\u00e9s. Diane est une professionnelle certifi\u00e9e de la Rick Hansen Foundation Accessibility Certification (RHFAC), ce qui lui permet d'\u00e9valuer l'accessibilit\u00e9 des b\u00e2timents et des sites \u00e0 travers le Canada, avec un accent particulier sur les lieux culturels et les salles de concert.<\/p>\n\n\n\n<p>Diane est \u00e9galement musicologue. Elle a obtenu sa ma\u00eetrise et son doctorat en musicologie \u00e0 l'universit\u00e9 York de Toronto, au Canada. Ses recherches portent sur les musiciens professionnels, les compositeurs et les sp\u00e9cialistes de la musique handicap\u00e9s, dans les domaines de l'histoire de la musique, des \u00e9tudes sur le handicap et de l'\u00e9ducation musicale. Elle s'int\u00e9resse notamment aux \u00e9tudes critiques sur le handicap, \u00e0 Ludwig van Beethoven et \u00e0 Franz Liszt. Entre ses fonctions de r\u00e9dactrice en chef du Journal de la Soci\u00e9t\u00e9 fran\u00e7aise de Beethoven - Association Beethoven France et Francophonie, Diane publie fr\u00e9quemment des articles sur ses recherches sur le handicap et la musique dans des revues \u00e0 comit\u00e9 de lecture et participe \u00e0 des conf\u00e9rences en Europe et en Am\u00e9rique du Nord. Ses collaborations avec des musiciens handicap\u00e9s dans le monde musical professionnel lui permettent d'exposer de nouvelles id\u00e9es pour rendre la musique plus accessible \u00e0 un public plus large.<\/p>","protected":false},"excerpt":{"rendered":"<p>Based in Toronto, Ontario in Canada, Diane Kolin is a French-born Canadian singer, a music educator, and a voice teacher. Her low voice brings her to explore various genres, from [&hellip;]<\/p>\n","protected":false},"author":1,"featured_media":0,"parent":0,"menu_order":0,"comment_status":"closed","ping_status":"closed","template":"","meta":{"content-type":"","_EventAllDay":false,"_EventTimezone":"","_EventStartDate":"","_EventEndDate":"","_EventStartDateUTC":"","_EventEndDateUTC":"","_EventShowMap":false,"_EventShowMapLink":false,"_EventURL":"","_EventCost":"","_EventCostDescription":"","_EventCurrencySymbol":"","_EventCurrencyCode":"","_EventCurrencyPosition":"","_EventDateTimeSeparator":"","_EventTimeRangeSeparator":"","_EventOrganizerID":[],"_EventVenueID":[],"_OrganizerEmail":"","_OrganizerPhone":"","_OrganizerWebsite":"","_VenueAddress":"","_VenueCity":"","_VenueCountry":"","_VenueProvince":"","_VenueState":"","_VenueZip":"","_VenuePhone":"","_VenueURL":"","_VenueStateProvince":"","_VenueLat":"","_VenueLng":"","_VenueShowMap":false,"_VenueShowMapLink":false,"footnotes":""},"class_list":["post-3918","page","type-page","status-publish","hentry"],"_links":{"self":[{"href":"https:\/\/www.dianekolin.com\/fr\/wp-json\/wp\/v2\/pages\/3918","targetHints":{"allow":["GET"]}}],"collection":[{"href":"https:\/\/www.dianekolin.com\/fr\/wp-json\/wp\/v2\/pages"}],"about":[{"href":"https:\/\/www.dianekolin.com\/fr\/wp-json\/wp\/v2\/types\/page"}],"author":[{"embeddable":true,"href":"https:\/\/www.dianekolin.com\/fr\/wp-json\/wp\/v2\/users\/1"}],"replies":[{"embeddable":true,"href":"https:\/\/www.dianekolin.com\/fr\/wp-json\/wp\/v2\/comments?post=3918"}],"version-history":[{"count":10,"href":"https:\/\/www.dianekolin.com\/fr\/wp-json\/wp\/v2\/pages\/3918\/revisions"}],"predecessor-version":[{"id":4477,"href":"https:\/\/www.dianekolin.com\/fr\/wp-json\/wp\/v2\/pages\/3918\/revisions\/4477"}],"wp:attachment":[{"href":"https:\/\/www.dianekolin.com\/fr\/wp-json\/wp\/v2\/media?parent=3918"}],"curies":[{"name":"wp","href":"https:\/\/api.w.org\/{rel}","templated":true}]}}