{"id":3877,"date":"2024-05-07T09:09:10","date_gmt":"2024-05-07T13:09:10","guid":{"rendered":"https:\/\/www.dianekolin.com\/?page_id=3877"},"modified":"2024-05-07T09:17:15","modified_gmt":"2024-05-07T13:17:15","slug":"artsably","status":"publish","type":"page","link":"https:\/\/www.dianekolin.com\/fr\/artsably\/","title":{"rendered":"ArtsAbly"},"content":{"rendered":"<p>Lanc\u00e9e en f\u00e9vrier 2024 par Diane Kolin, ArtsAbly est une nouvelle entreprise qui propose de l'aide et des ressources aux structures artistiques pour am\u00e9liorer leur accessibilit\u00e9 aux artistes-interpr\u00e8tes en situation de handicap, ainsi que des conversations sur le handicap et l'accessibilit\u00e9 dans les \u00e9coles et les classes universitaires. Par l'engagement et l'\u00e9change, notre objectif est d'am\u00e9liorer la sensibilisation \u00e0 l'accessibilit\u00e9 dans les arts et de cr\u00e9er un dialogue ouvert entre les artistes-interpr\u00e8tes, les \u00e9tudiants et les ensembles artistiques.<\/p>\n\n\n\n<p class=\"has-text-align-center\"><a href=\"https:\/\/www.artsably.com\/fr\/\" target=\"_blank\" rel=\"noreferrer noopener\">Visiter le site web d'ArtsAbly<\/a><\/p>\n\n\n\n<figure class=\"wp-block-image aligncenter size-full\"><a href=\"https:\/\/www.artsably.com\/fr\/\" target=\"_blank\" rel=\"noreferrer noopener\"><img loading=\"lazy\" decoding=\"async\" width=\"200\" height=\"200\" src=\"https:\/\/www.dianekolin.com\/wp-content\/uploads\/2024\/02\/artsably-logo-200px-w-72ppi.jpg\" alt=\"Logo d&#039;ArtsAbly en forme de triangle avec des c\u00f4t\u00e9s rouge, vert et jaune, et le nom ArtsAbly en bas.\" class=\"wp-image-3801\" srcset=\"https:\/\/www.dianekolin.com\/wp-content\/uploads\/2024\/02\/artsably-logo-200px-w-72ppi.jpg 200w, https:\/\/www.dianekolin.com\/wp-content\/uploads\/2024\/02\/artsably-logo-200px-w-72ppi-150x150.jpg 150w\" sizes=\"auto, (max-width: 200px) 100vw, 200px\" \/><\/a><\/figure>","protected":false},"excerpt":{"rendered":"<p>Launched in February 2024 by Diane Kolin, ArtsAbly is a new company offering help and resources to artistic structures to improve their accessibility to performers with disabilities, and conversations about [&hellip;]<\/p>\n","protected":false},"author":1,"featured_media":0,"parent":0,"menu_order":0,"comment_status":"closed","ping_status":"closed","template":"","meta":{"content-type":"","_EventAllDay":false,"_EventTimezone":"","_EventStartDate":"","_EventEndDate":"","_EventStartDateUTC":"","_EventEndDateUTC":"","_EventShowMap":false,"_EventShowMapLink":false,"_EventURL":"","_EventCost":"","_EventCostDescription":"","_EventCurrencySymbol":"","_EventCurrencyCode":"","_EventCurrencyPosition":"","_EventDateTimeSeparator":"","_EventTimeRangeSeparator":"","_EventOrganizerID":[],"_EventVenueID":[],"_OrganizerEmail":"","_OrganizerPhone":"","_OrganizerWebsite":"","_VenueAddress":"","_VenueCity":"","_VenueCountry":"","_VenueProvince":"","_VenueState":"","_VenueZip":"","_VenuePhone":"","_VenueURL":"","_VenueStateProvince":"","_VenueLat":"","_VenueLng":"","_VenueShowMap":false,"_VenueShowMapLink":false,"footnotes":""},"class_list":["post-3877","page","type-page","status-publish","hentry"],"_links":{"self":[{"href":"https:\/\/www.dianekolin.com\/fr\/wp-json\/wp\/v2\/pages\/3877","targetHints":{"allow":["GET"]}}],"collection":[{"href":"https:\/\/www.dianekolin.com\/fr\/wp-json\/wp\/v2\/pages"}],"about":[{"href":"https:\/\/www.dianekolin.com\/fr\/wp-json\/wp\/v2\/types\/page"}],"author":[{"embeddable":true,"href":"https:\/\/www.dianekolin.com\/fr\/wp-json\/wp\/v2\/users\/1"}],"replies":[{"embeddable":true,"href":"https:\/\/www.dianekolin.com\/fr\/wp-json\/wp\/v2\/comments?post=3877"}],"version-history":[{"count":2,"href":"https:\/\/www.dianekolin.com\/fr\/wp-json\/wp\/v2\/pages\/3877\/revisions"}],"predecessor-version":[{"id":3885,"href":"https:\/\/www.dianekolin.com\/fr\/wp-json\/wp\/v2\/pages\/3877\/revisions\/3885"}],"wp:attachment":[{"href":"https:\/\/www.dianekolin.com\/fr\/wp-json\/wp\/v2\/media?parent=3877"}],"curies":[{"name":"wp","href":"https:\/\/api.w.org\/{rel}","templated":true}]}}